{"id":2,"date":"2022-12-09T14:24:21","date_gmt":"2022-12-09T11:24:21","guid":{"rendered":"http:\/\/kupeliteolog.com\/?page_id=2"},"modified":"2023-09-05T17:11:20","modified_gmt":"2023-09-05T14:11:20","slug":"faydali-link","status":"publish","type":"page","link":"http:\/\/kupeliteolog.com\/index.php\/faydali-link\/","title":{"rendered":"Faydal\u0131 Linkler"},"content":{"rendered":"\r\n<p>Sizler i\u00e7in Faydal\u0131 linkler a\u015fa\u011f\u0131dad\u0131r.<\/p>\r\n\r\n\r\n\r\n<blockquote class=\"wp-block-quote is-layout-flow wp-block-quote-is-layout-flow\">\r\n<p>Ahit Yay\u0131nlar\u0131 |\u00a0<a href=\"https:\/\/ahityayinlari.com\/\">https:\/\/ahityayinlari.com\/<\/a><\/p>\r\n<\/blockquote>\r\n\r\n\r\n\r\n<p>&nbsp;<\/p>\r\n\r\n\r\n\r\n<blockquote class=\"wp-block-quote is-layout-flow wp-block-quote-is-layout-flow\">\r\n<p>Teolojik Sohbet (Podcast) |\u00a0<a href=\"https:\/\/open.spotify.com\/show\/26e8UbaeR8JI8gRx2RZxnz?si=2e5c816da0b542f8\">https:\/\/open.spotify.com\/show\/26e8UbaeR8JI8gRx2RZxnz?si=2e5c816da0b542f8<\/a><\/p>\r\n<\/blockquote>\r\n\r\n\r\n\r\n<p><\/p>\r\n<p>&nbsp;<\/p>\r\n<p>\r\n\r\n<\/p>\r\n<blockquote class=\"wp-block-quote is-layout-flow wp-block-quote-is-layout-flow\">\r\n<p>Reformasyon.com | https:\/\/reformasyon.com\/<\/p>\r\n<\/blockquote>\r\n<p>\r\n\r\n<\/p>\r\n<p>&nbsp;<\/p>\r\n","protected":false},"excerpt":{"rendered":"<p>Sizler i\u00e7in Faydal\u0131 linkler a\u015fa\u011f\u0131dad\u0131r. Ahit Yay\u0131nlar\u0131 |\u00a0https:\/\/ahityayinlari.com\/ &nbsp; Teolojik Sohbet (Podcast) |\u00a0https:\/\/open.spotify.com\/show\/26e8UbaeR8JI8gRx2RZxnz?si=2e5c816da0b542f8 &nbsp; Reformasyon.com | https:\/\/reformasyon.com\/ &nbsp;<\/p>\n","protected":false},"author":2,"featured_media":0,"parent":0,"menu_order":0,"comment_status":"closed","ping_status":"closed","template":"","meta":{"footnotes":""},"class_list":["post-2","page","type-page","status-publish","hentry"],"yoast_head":"<!-- This site is optimized with the Yoast SEO plugin v20.11 - https:\/\/yoast.com\/wordpress\/plugins\/seo\/ -->\n<title>Faydal\u0131 Linkler - K\u00fcpeli Teolog<\/title>\n<meta name=\"robots\" content=\"index, follow, max-snippet:-1, max-image-preview:large, max-video-preview:-1\" \/>\n<link rel=\"canonical\" href=\"https:\/\/kupeliteolog.com\/index.php\/faydali-link\/\" \/>\n<meta property=\"og:locale\" content=\"tr_TR\" \/>\n<meta property=\"og:type\" content=\"article\" \/>\n<meta property=\"og:title\" content=\"Faydal\u0131 Linkler - K\u00fcpeli Teolog\" \/>\n<meta property=\"og:description\" content=\"Sizler i\u00e7in Faydal\u0131 linkler a\u015fa\u011f\u0131dad\u0131r. Ahit Yay\u0131nlar\u0131 |\u00a0https:\/\/ahityayinlari.com\/ &nbsp; Teolojik Sohbet (Podcast) |\u00a0https:\/\/open.spotify.com\/show\/26e8UbaeR8JI8gRx2RZxnz?si=2e5c816da0b542f8 &nbsp; Reformasyon.com | https:\/\/reformasyon.com\/ &nbsp;\" \/>\n<meta property=\"og:url\" content=\"https:\/\/kupeliteolog.com\/index.php\/faydali-link\/\" \/>\n<meta property=\"og:site_name\" content=\"K\u00fcpeli Teolog\" \/>\n<meta property=\"article:modified_time\" content=\"2023-09-05T14:11:20+00:00\" \/>\n<meta name=\"twitter:card\" content=\"summary_large_image\" \/>\n<meta name=\"twitter:site\" content=\"@kupeliteolog\" \/>\n<meta name=\"twitter:label1\" content=\"Tahmini okuma s\u00fcresi\" \/>\n\t<meta name=\"twitter:data1\" content=\"1 dakika\" \/>\n<script type=\"application\/ld+json\" class=\"yoast-schema-graph\">{\"@context\":\"https:\/\/schema.org\",\"@graph\":[{\"@type\":\"WebPage\",\"@id\":\"https:\/\/kupeliteolog.com\/index.php\/faydali-link\/\",\"url\":\"https:\/\/kupeliteolog.com\/index.php\/faydali-link\/\",\"name\":\"Faydal\u0131 Linkler - K\u00fcpeli Teolog\",\"isPartOf\":{\"@id\":\"http:\/\/kupeliteolog.com\/#website\"},\"datePublished\":\"2022-12-09T11:24:21+00:00\",\"dateModified\":\"2023-09-05T14:11:20+00:00\",\"breadcrumb\":{\"@id\":\"https:\/\/kupeliteolog.com\/index.php\/faydali-link\/#breadcrumb\"},\"inLanguage\":\"tr\",\"potentialAction\":[{\"@type\":\"ReadAction\",\"target\":[\"https:\/\/kupeliteolog.com\/index.php\/faydali-link\/\"]}]},{\"@type\":\"BreadcrumbList\",\"@id\":\"https:\/\/kupeliteolog.com\/index.php\/faydali-link\/#breadcrumb\",\"itemListElement\":[{\"@type\":\"ListItem\",\"position\":1,\"name\":\"Anasayfa\",\"item\":\"http:\/\/kupeliteolog.com\/\"},{\"@type\":\"ListItem\",\"position\":2,\"name\":\"Faydal\u0131 Linkler\"}]},{\"@type\":\"WebSite\",\"@id\":\"http:\/\/kupeliteolog.com\/#website\",\"url\":\"http:\/\/kupeliteolog.com\/\",\"name\":\"K\u00fcpeli Teolog\",\"description\":\"K\u00fcpeli Teolog Blog Web Sitesi\",\"publisher\":{\"@id\":\"http:\/\/kupeliteolog.com\/#\/schema\/person\/943430f95319ff35f2fa565dee706102\"},\"potentialAction\":[{\"@type\":\"SearchAction\",\"target\":{\"@type\":\"EntryPoint\",\"urlTemplate\":\"http:\/\/kupeliteolog.com\/?s={search_term_string}\"},\"query-input\":\"required name=search_term_string\"}],\"inLanguage\":\"tr\"},{\"@type\":[\"Person\",\"Organization\"],\"@id\":\"http:\/\/kupeliteolog.com\/#\/schema\/person\/943430f95319ff35f2fa565dee706102\",\"name\":\"Kupeli Teolog\",\"image\":{\"@type\":\"ImageObject\",\"inLanguage\":\"tr\",\"@id\":\"http:\/\/kupeliteolog.com\/#\/schema\/person\/image\/\",\"url\":\"http:\/\/kupeliteolog.com\/wp-content\/uploads\/2022\/12\/favicon-1.png\",\"contentUrl\":\"http:\/\/kupeliteolog.com\/wp-content\/uploads\/2022\/12\/favicon-1.png\",\"width\":500,\"height\":500,\"caption\":\"Kupeli Teolog\"},\"logo\":{\"@id\":\"http:\/\/kupeliteolog.com\/#\/schema\/person\/image\/\"},\"sameAs\":[\"https:\/\/kupeliteolog.com\/\",\"https:\/\/twitter.com\/https:\/\/twitter.com\/kupeliteolog\"]}]}<\/script>\n<!-- \/ Yoast SEO plugin. -->","yoast_head_json":{"title":"Faydal\u0131 Linkler - K\u00fcpeli Teolog","robots":{"index":"index","follow":"follow","max-snippet":"max-snippet:-1","max-image-preview":"max-image-preview:large","max-video-preview":"max-video-preview:-1"},"canonical":"https:\/\/kupeliteolog.com\/index.php\/faydali-link\/","og_locale":"tr_TR","og_type":"article","og_title":"Faydal\u0131 Linkler - K\u00fcpeli Teolog","og_description":"Sizler i\u00e7in Faydal\u0131 linkler a\u015fa\u011f\u0131dad\u0131r. Ahit Yay\u0131nlar\u0131 |\u00a0https:\/\/ahityayinlari.com\/ &nbsp; Teolojik Sohbet (Podcast) |\u00a0https:\/\/open.spotify.com\/show\/26e8UbaeR8JI8gRx2RZxnz?si=2e5c816da0b542f8 &nbsp; Reformasyon.com | https:\/\/reformasyon.com\/ &nbsp;","og_url":"https:\/\/kupeliteolog.com\/index.php\/faydali-link\/","og_site_name":"K\u00fcpeli Teolog","article_modified_time":"2023-09-05T14:11:20+00:00","twitter_card":"summary_large_image","twitter_site":"@kupeliteolog","twitter_misc":{"Tahmini okuma s\u00fcresi":"1 dakika"},"schema":{"@context":"https:\/\/schema.org","@graph":[{"@type":"WebPage","@id":"https:\/\/kupeliteolog.com\/index.php\/faydali-link\/","url":"https:\/\/kupeliteolog.com\/index.php\/faydali-link\/","name":"Faydal\u0131 Linkler - K\u00fcpeli Teolog","isPartOf":{"@id":"http:\/\/kupeliteolog.com\/#website"},"datePublished":"2022-12-09T11:24:21+00:00","dateModified":"2023-09-05T14:11:20+00:00","breadcrumb":{"@id":"https:\/\/kupeliteolog.com\/index.php\/faydali-link\/#breadcrumb"},"inLanguage":"tr","potentialAction":[{"@type":"ReadAction","target":["https:\/\/kupeliteolog.com\/index.php\/faydali-link\/"]}]},{"@type":"BreadcrumbList","@id":"https:\/\/kupeliteolog.com\/index.php\/faydali-link\/#breadcrumb","itemListElement":[{"@type":"ListItem","position":1,"name":"Anasayfa","item":"http:\/\/kupeliteolog.com\/"},{"@type":"ListItem","position":2,"name":"Faydal\u0131 Linkler"}]},{"@type":"WebSite","@id":"http:\/\/kupeliteolog.com\/#website","url":"http:\/\/kupeliteolog.com\/","name":"K\u00fcpeli Teolog","description":"K\u00fcpeli Teolog Blog Web Sitesi","publisher":{"@id":"http:\/\/kupeliteolog.com\/#\/schema\/person\/943430f95319ff35f2fa565dee706102"},"potentialAction":[{"@type":"SearchAction","target":{"@type":"EntryPoint","urlTemplate":"http:\/\/kupeliteolog.com\/?s={search_term_string}"},"query-input":"required name=search_term_string"}],"inLanguage":"tr"},{"@type":["Person","Organization"],"@id":"http:\/\/kupeliteolog.com\/#\/schema\/person\/943430f95319ff35f2fa565dee706102","name":"Kupeli Teolog","image":{"@type":"ImageObject","inLanguage":"tr","@id":"http:\/\/kupeliteolog.com\/#\/schema\/person\/image\/","url":"http:\/\/kupeliteolog.com\/wp-content\/uploads\/2022\/12\/favicon-1.png","contentUrl":"http:\/\/kupeliteolog.com\/wp-content\/uploads\/2022\/12\/favicon-1.png","width":500,"height":500,"caption":"Kupeli Teolog"},"logo":{"@id":"http:\/\/kupeliteolog.com\/#\/schema\/person\/image\/"},"sameAs":["https:\/\/kupeliteolog.com\/","https:\/\/twitter.com\/https:\/\/twitter.com\/kupeliteolog"]}]}},"_links":{"self":[{"href":"http:\/\/kupeliteolog.com\/index.php\/wp-json\/wp\/v2\/pages\/2","targetHints":{"allow":["GET"]}}],"collection":[{"href":"http:\/\/kupeliteolog.com\/index.php\/wp-json\/wp\/v2\/pages"}],"about":[{"href":"http:\/\/kupeliteolog.com\/index.php\/wp-json\/wp\/v2\/types\/page"}],"author":[{"embeddable":true,"href":"http:\/\/kupeliteolog.com\/index.php\/wp-json\/wp\/v2\/users\/2"}],"replies":[{"embeddable":true,"href":"http:\/\/kupeliteolog.com\/index.php\/wp-json\/wp\/v2\/comments?post=2"}],"version-history":[{"count":9,"href":"http:\/\/kupeliteolog.com\/index.php\/wp-json\/wp\/v2\/pages\/2\/revisions"}],"predecessor-version":[{"id":1436,"href":"http:\/\/kupeliteolog.com\/index.php\/wp-json\/wp\/v2\/pages\/2\/revisions\/1436"}],"wp:attachment":[{"href":"http:\/\/kupeliteolog.com\/index.php\/wp-json\/wp\/v2\/media?parent=2"}],"curies":[{"name":"wp","href":"https:\/\/api.w.org\/{rel}","templated":true}]}}